{"id":37,"date":"2023-12-12T11:40:34","date_gmt":"2023-12-12T11:40:34","guid":{"rendered":"https:\/\/www.agb-pharma.com\/_wp\/?page_id=37"},"modified":"2025-12-04T09:16:48","modified_gmt":"2025-12-04T09:16:48","slug":"kontakt","status":"publish","type":"page","link":"https:\/\/www.agb-pharma.com\/de\/kontakt\/","title":{"rendered":"Kontakt"},"content":{"rendered":"\n\n\t\t\t\t<a href=\"\/de\/\"  target=\"_self\" itemprop=\"url\">\n\t\t\t\t<img loading=\"lazy\" decoding=\"async\" src=\"https:\/\/www.agb-pharma.com\/de\/wp-content\/uploads\/sites\/5\/2023\/12\/agb_logo_green.png\" alt=\"agb_logo_green\" itemprop=\"image\" height=\"992\" width=\"655\" title=\"agb_logo_green\" onerror=\"this.style.display='none'\"  \/>\n\t\t\t\t<\/a>\n\t\t\t\t\t\t<h5>GERMANY<\/h5>\n\t\t\t<p><a href=\"https:\/\/www.agb-pharma.com\/\">SWEDEN<\/a><br \/><a href=\"\/se-eng\/\">SWEDEN &#8211; ENG<\/a><br \/><a href=\"\/en\">UK<\/a><br \/><a href=\"\/no\">NORWAY<\/a><br \/><a href=\"\/dk\">DENMARK<\/a><\/p>\n\t<h1>Kontakt<br \/>\nAGB-Pharma<\/h1>\n\t<strong>Postanschrift<br \/>\n<\/strong>AGB-Pharma AB <br \/>\nMedicon Village <br \/>\n223 81 Lund<br \/>\nSchweden<br \/>\n\n\t<strong>Besucheradresse<br \/>\n<\/strong>AGB-Pharma AB <br \/>\nMedicon Village<br \/>\nScheeletorget 1, Lund\n\t<strong>Telefon<\/strong><br \/>\n<a href=\"tel:046-805 52\">+46 46 80 552<\/a><br \/>\nDie Telefonzentrale<br \/>\nist ge\u00f6ffnet:<br \/>\n8.30 &#8211; 16.30 Uhr<br \/>\n\n\t<strong>E-mail<\/strong><br \/>\n<a href=\"mailto:info@agb-pharma.com\">info@agb-pharma.com<\/a>\n\t<strong>Deutscher Kontakt<br \/>\n<\/strong>M\u00e5rten Appelgren<br \/>\n<em>Interim BD Director Germany<\/em><br \/>\n<a href=\"mailto:marten.appelgren@agb-pharma.com\">marten.appelgren@agb-pharma.com<\/a>\n\t\t\t\t<img loading=\"lazy\" decoding=\"async\" src=\"https:\/\/www.agb-pharma.com\/de\/wp-content\/uploads\/sites\/5\/2024\/11\/Miljobild-BW_cut-scaled-1.jpg\" alt=\"Miljobild-BW_cut-scaled\" itemprop=\"image\" height=\"872\" width=\"2560\" title=\"Miljobild-BW_cut-scaled\" onerror=\"this.style.display='none'\"  \/>\n\t<h1>Karriere bei<br \/>\nAGB-Pharma<\/h1>\n\tM\u00f6chten Sie sich auch f\u00fcr eine bessere Schlafgesundheit f\u00fcr alle einsetzen?<br \/>\nKontaktieren Sie uns unter <a href=\"mailto:recruitment@agb-pharma.com\"><strong>recruitment@agb-pharma.com<\/strong><\/a>\n\t<h3><strong>Meldungen von Nebenwirkungen <\/strong><\/h3>\n<p>Wenn Sie Fragen oder Beschwerden zu unseren Arzneimitteln haben oder eine Nebenwirkung melden m\u00f6chten, wenden Sie sich bitte an: <a href=\"mailto:de.med.info@agb-pharma.com\">de.med.info@agb-pharma.com<\/a><\/p>\n<p>Bitte halten Sie f\u00fcr Meldungen folgende Informationen bereit:<\/p>\n\t<ul>\n<li>Name des Produkts\/Pr\u00e4parats<\/li>\n<li>Chargenbezeichnung (Ch.-B. oder LOT), soweit bekannt<\/li>\n<li>Art der Nebenwirkung<\/li>\n<li>Angaben zum Patienten (Alter, Geschlecht oder Initialen ausreichend)<\/li>\n<li>Name und Adresse des Melders f\u00fcr evtl. R\u00fcckfragen<\/li>\n<\/ul>\n\t<p>Bei sonstigen Fragen wenden Sie sich bitte an AGB-Pharma unter <a href=\"mailto:info@agb-pharma.com\">info@agb-pharma.com<\/a>. Damit wir Ihre Anfrage schnell beantworten k\u00f6nnen, verfassen Sie Ihre E-Mail bitte m\u00f6glichst in englischer Sprache.<\/p>\n<p>Bitte beachten Sie: Wenn Sie uns eine E-Mail schicken, verarbeiten wir Ihre personenbezogenen Daten. Mehr dar\u00fcber, wie wir Ihre pers\u00f6nlichen Daten verarbeiten, erfahren Sie in unserer <a href=\"\/de\/datenschutzerklaerung\">Datenschutzrichtlinie<\/a>.<\/p>\n\t<p><a href=\"\/de\/datenschutzerklaerung\">Datenschutzerkl\u00e4rung<\/a>\u00a0 |\u00a0 <a href=\"\/de\/impressum\">Impressum<\/a>\u00a0 |\u00a0 <a href=\"\/de\/cookies-richtlinie\">Cookies Richtlinie<\/a>\u00a0 |\u00a0 <a href=\"\/de\/kontakt\">Kontakt<\/a><\/p>\n\tDE-MEL-AGB 0026 11\/2024<br \/>\n\u00a9 2024 AGB-Pharma AB. Zuletzt u\u0308berpru\u0308ft 05\/2025\n\n","protected":false},"excerpt":{"rendered":"<p>GERMANY SWEDENSWEDEN &#8211; ENGUKNORWAYDENMARK Kontakt AGB-Pharma Postanschrift AGB-Pharma AB Medicon Village 223 81 Lund Schweden Besucheradresse AGB-Pharma AB Medicon Village Scheeletorget 1, Lund Telefon +46 46 80 552 Die Telefonzentrale ist ge\u00f6ffnet: 8.30 &#8211; 16.30 Uhr E-mail info@agb-pharma.com Deutscher Kontakt M\u00e5rten Appelgren Interim BD Director Germany marten.appelgren@agb-pharma.com Karriere bei AGB-Pharma M\u00f6chten Sie sich auch f\u00fcr&hellip;<\/p>\n","protected":false},"author":1,"featured_media":0,"parent":0,"menu_order":0,"comment_status":"closed","ping_status":"closed","template":"","meta":{"footnotes":""},"class_list":["post-37","page","type-page","status-publish","hentry"],"yoast_head":"<!-- This site is optimized with the Yoast SEO plugin v24.9 - https:\/\/yoast.com\/wordpress\/plugins\/seo\/ -->\n<title>Kontakt - AGB Pharma (DE)<\/title>\n<meta name=\"robots\" content=\"index, follow, max-snippet:-1, max-image-preview:large, max-video-preview:-1\" \/>\n<link rel=\"canonical\" href=\"https:\/\/www.agb-pharma.com\/de\/kontakt\/\" \/>\n<meta property=\"og:locale\" content=\"de_DE\" \/>\n<meta property=\"og:type\" content=\"article\" \/>\n<meta property=\"og:title\" content=\"Kontakt - AGB Pharma (DE)\" \/>\n<meta property=\"og:description\" content=\"GERMANY SWEDENSWEDEN &#8211; ENGUKNORWAYDENMARK Kontakt AGB-Pharma Postanschrift AGB-Pharma AB Medicon Village 223 81 Lund Schweden Besucheradresse AGB-Pharma AB Medicon Village Scheeletorget 1, Lund Telefon +46 46 80 552 Die Telefonzentrale ist ge\u00f6ffnet: 8.30 &#8211; 16.30 Uhr E-mail info@agb-pharma.com Deutscher Kontakt M\u00e5rten Appelgren Interim BD Director Germany marten.appelgren@agb-pharma.com Karriere bei AGB-Pharma M\u00f6chten Sie sich auch f\u00fcr&hellip;\" \/>\n<meta property=\"og:url\" content=\"https:\/\/www.agb-pharma.com\/de\/kontakt\/\" \/>\n<meta property=\"og:site_name\" content=\"AGB Pharma (DE)\" \/>\n<meta property=\"article:modified_time\" content=\"2025-12-04T09:16:48+00:00\" \/>\n<meta property=\"og:image\" content=\"https:\/\/www.agb-pharma.com\/de\/wp-content\/uploads\/sites\/5\/2023\/12\/agb_logo_green.png\" \/>\n<meta name=\"twitter:card\" content=\"summary_large_image\" \/>\n<meta name=\"twitter:label1\" content=\"Est. reading time\" \/>\n\t<meta name=\"twitter:data1\" content=\"2 minutes\" \/>\n<script type=\"application\/ld+json\" class=\"yoast-schema-graph\">{\"@context\":\"https:\/\/schema.org\",\"@graph\":[{\"@type\":\"WebPage\",\"@id\":\"https:\/\/www.agb-pharma.com\/de\/kontakt\/\",\"url\":\"https:\/\/www.agb-pharma.com\/de\/kontakt\/\",\"name\":\"Kontakt - AGB Pharma (DE)\",\"isPartOf\":{\"@id\":\"https:\/\/www.agb-pharma.com\/de\/#website\"},\"primaryImageOfPage\":{\"@id\":\"https:\/\/www.agb-pharma.com\/de\/kontakt\/#primaryimage\"},\"image\":{\"@id\":\"https:\/\/www.agb-pharma.com\/de\/kontakt\/#primaryimage\"},\"thumbnailUrl\":\"https:\/\/www.agb-pharma.com\/de\/wp-content\/uploads\/sites\/5\/2023\/12\/agb_logo_green.png\",\"datePublished\":\"2023-12-12T11:40:34+00:00\",\"dateModified\":\"2025-12-04T09:16:48+00:00\",\"breadcrumb\":{\"@id\":\"https:\/\/www.agb-pharma.com\/de\/kontakt\/#breadcrumb\"},\"inLanguage\":\"de-DE\",\"potentialAction\":[{\"@type\":\"ReadAction\",\"target\":[\"https:\/\/www.agb-pharma.com\/de\/kontakt\/\"]}]},{\"@type\":\"ImageObject\",\"inLanguage\":\"de-DE\",\"@id\":\"https:\/\/www.agb-pharma.com\/de\/kontakt\/#primaryimage\",\"url\":\"\",\"contentUrl\":\"\"},{\"@type\":\"BreadcrumbList\",\"@id\":\"https:\/\/www.agb-pharma.com\/de\/kontakt\/#breadcrumb\",\"itemListElement\":[{\"@type\":\"ListItem\",\"position\":1,\"name\":\"Hem\",\"item\":\"https:\/\/www.agb-pharma.com\/de\/\"},{\"@type\":\"ListItem\",\"position\":2,\"name\":\"Kontakt\"}]},{\"@type\":\"WebSite\",\"@id\":\"https:\/\/www.agb-pharma.com\/de\/#website\",\"url\":\"https:\/\/www.agb-pharma.com\/de\/\",\"name\":\"AGB Pharma (DE)\",\"description\":\"\",\"potentialAction\":[{\"@type\":\"SearchAction\",\"target\":{\"@type\":\"EntryPoint\",\"urlTemplate\":\"https:\/\/www.agb-pharma.com\/de\/?s={search_term_string}\"},\"query-input\":{\"@type\":\"PropertyValueSpecification\",\"valueRequired\":true,\"valueName\":\"search_term_string\"}}],\"inLanguage\":\"de-DE\"}]}<\/script>\n<!-- \/ Yoast SEO plugin. -->","yoast_head_json":{"title":"Kontakt - AGB Pharma (DE)","robots":{"index":"index","follow":"follow","max-snippet":"max-snippet:-1","max-image-preview":"max-image-preview:large","max-video-preview":"max-video-preview:-1"},"canonical":"https:\/\/www.agb-pharma.com\/de\/kontakt\/","og_locale":"de_DE","og_type":"article","og_title":"Kontakt - AGB Pharma (DE)","og_description":"GERMANY SWEDENSWEDEN &#8211; ENGUKNORWAYDENMARK Kontakt AGB-Pharma Postanschrift AGB-Pharma AB Medicon Village 223 81 Lund Schweden Besucheradresse AGB-Pharma AB Medicon Village Scheeletorget 1, Lund Telefon +46 46 80 552 Die Telefonzentrale ist ge\u00f6ffnet: 8.30 &#8211; 16.30 Uhr E-mail info@agb-pharma.com Deutscher Kontakt M\u00e5rten Appelgren Interim BD Director Germany marten.appelgren@agb-pharma.com Karriere bei AGB-Pharma M\u00f6chten Sie sich auch f\u00fcr&hellip;","og_url":"https:\/\/www.agb-pharma.com\/de\/kontakt\/","og_site_name":"AGB Pharma (DE)","article_modified_time":"2025-12-04T09:16:48+00:00","og_image":[{"url":"https:\/\/www.agb-pharma.com\/de\/wp-content\/uploads\/sites\/5\/2023\/12\/agb_logo_green.png","type":"","width":"","height":""}],"twitter_card":"summary_large_image","twitter_misc":{"Est. reading time":"2 minutes"},"schema":{"@context":"https:\/\/schema.org","@graph":[{"@type":"WebPage","@id":"https:\/\/www.agb-pharma.com\/de\/kontakt\/","url":"https:\/\/www.agb-pharma.com\/de\/kontakt\/","name":"Kontakt - AGB Pharma (DE)","isPartOf":{"@id":"https:\/\/www.agb-pharma.com\/de\/#website"},"primaryImageOfPage":{"@id":"https:\/\/www.agb-pharma.com\/de\/kontakt\/#primaryimage"},"image":{"@id":"https:\/\/www.agb-pharma.com\/de\/kontakt\/#primaryimage"},"thumbnailUrl":"https:\/\/www.agb-pharma.com\/de\/wp-content\/uploads\/sites\/5\/2023\/12\/agb_logo_green.png","datePublished":"2023-12-12T11:40:34+00:00","dateModified":"2025-12-04T09:16:48+00:00","breadcrumb":{"@id":"https:\/\/www.agb-pharma.com\/de\/kontakt\/#breadcrumb"},"inLanguage":"de-DE","potentialAction":[{"@type":"ReadAction","target":["https:\/\/www.agb-pharma.com\/de\/kontakt\/"]}]},{"@type":"ImageObject","inLanguage":"de-DE","@id":"https:\/\/www.agb-pharma.com\/de\/kontakt\/#primaryimage","url":"","contentUrl":""},{"@type":"BreadcrumbList","@id":"https:\/\/www.agb-pharma.com\/de\/kontakt\/#breadcrumb","itemListElement":[{"@type":"ListItem","position":1,"name":"Hem","item":"https:\/\/www.agb-pharma.com\/de\/"},{"@type":"ListItem","position":2,"name":"Kontakt"}]},{"@type":"WebSite","@id":"https:\/\/www.agb-pharma.com\/de\/#website","url":"https:\/\/www.agb-pharma.com\/de\/","name":"AGB Pharma (DE)","description":"","potentialAction":[{"@type":"SearchAction","target":{"@type":"EntryPoint","urlTemplate":"https:\/\/www.agb-pharma.com\/de\/?s={search_term_string}"},"query-input":{"@type":"PropertyValueSpecification","valueRequired":true,"valueName":"search_term_string"}}],"inLanguage":"de-DE"}]}},"_links":{"self":[{"href":"https:\/\/www.agb-pharma.com\/de\/wp-json\/wp\/v2\/pages\/37","targetHints":{"allow":["GET"]}}],"collection":[{"href":"https:\/\/www.agb-pharma.com\/de\/wp-json\/wp\/v2\/pages"}],"about":[{"href":"https:\/\/www.agb-pharma.com\/de\/wp-json\/wp\/v2\/types\/page"}],"author":[{"embeddable":true,"href":"https:\/\/www.agb-pharma.com\/de\/wp-json\/wp\/v2\/users\/1"}],"replies":[{"embeddable":true,"href":"https:\/\/www.agb-pharma.com\/de\/wp-json\/wp\/v2\/comments?post=37"}],"version-history":[{"count":6,"href":"https:\/\/www.agb-pharma.com\/de\/wp-json\/wp\/v2\/pages\/37\/revisions"}],"predecessor-version":[{"id":1267,"href":"https:\/\/www.agb-pharma.com\/de\/wp-json\/wp\/v2\/pages\/37\/revisions\/1267"}],"wp:attachment":[{"href":"https:\/\/www.agb-pharma.com\/de\/wp-json\/wp\/v2\/media?parent=37"}],"curies":[{"name":"wp","href":"https:\/\/api.w.org\/{rel}","templated":true}]}}