{"id":543,"date":"2024-01-12T09:35:37","date_gmt":"2024-01-12T09:35:37","guid":{"rendered":"https:\/\/www.agb-pharma.com\/_wp\/?page_id=543"},"modified":"2024-11-15T14:12:18","modified_gmt":"2024-11-15T14:12:18","slug":"personvernpolicy","status":"publish","type":"page","link":"https:\/\/www.agb-pharma.com\/no\/personvernpolicy\/","title":{"rendered":"Personvernpolicy"},"content":{"rendered":"\n<a href=\"\/no\" target=\"_self\" itemprop=\"url\" rel=\"noopener\">\n\t\t\t\t<img loading=\"lazy\" decoding=\"async\" src=\"https:\/\/www.agb-pharma.com\/no\/wp-content\/uploads\/sites\/2\/2023\/12\/agb_logo_green.png\" alt=\"agb_logo_green\" itemprop=\"image\" height=\"992\" width=\"655\" title=\"agb_logo_green\" onerror=\"this.style.display='none'\">\n\t\t\t\t<\/a>\n\t\t\t\t\t\t<h5>NORWAY<\/h5>\n\t\t\t<p><a href=\"\/\">SWEDEN<\/a><br><a href=\"\/se-eng\/\">SWEDEN &#8211; ENG<\/a><br><a href=\"\/en\">UK<\/a><br><a href=\"\/dk\">DENMARK<\/a><br><a href=\"\/de\">GERMANY<\/a><\/p>\n<h1>\n\t\tPersonvern\u00adpolicy\n\t<\/h1>\n\t<h3><strong>Generelt<\/strong><\/h3>\n<p>Hensikten med denne Personvernpolicyen er \u00e5 beskrive hvordan AGB-Pharma AB (\u00abAGB-Pharma\u00bb, \u00abvi\u00bb eller \u00aboss\u00bb) behandler dine personopplysninger.<\/p>\n<p>AGB-Pharma beskytter din integritet, og all v\u00e5r h\u00e5ndtering av personopplysninger skjer i henhold til gjeldende europeiske og nasjonale databeskyttelseslover. Denne Personvernpolicyen retter seg mot deg som bruker v\u00e5rt nettsted, representerer en kunde eller er leverand\u00f8r hos oss, eller deg som arbeider innen helse- og omsorgstjenesten.<\/p>\n<h3>N\u00e5r behandler vi dine personopplysninger?<\/h3>\n<h4>Nettstedsbrukere<\/h4>\n<p>Vi samler som hovedregel ikke inn noen personopplysninger n\u00e5r du bes\u00f8ker v\u00e5rt nettsted. Derimot kan vi komme til \u00e5 behandle dine personopplysninger hva gjelder navn og e-postadresse samt andre eventuelle personopplysninger som du selv velger \u00e5 oppgi til oss n\u00e5r du:<\/p>\n<ul>\n<li>Sender e-post til oss med for eksempel et sp\u00f8rsm\u00e5l eller synpunkter.<\/li>\n<li>Fyller ut noen av v\u00e5re skjemaer p\u00e5 hjemmesiden.<\/li>\n<li>Sender inn en jobbs\u00f8knad til oss.<\/li>\n<li>Rapporterer bivirkninger til oss. For mer informasjon om v\u00e5r h\u00e5ndtering av personopplysninger i forbindelse med rapportering av bivirkninger, les v\u00e5r personvernpolicy ved rapportering av bivirkninger.<\/li>\n<\/ul>\n<p>P\u00e5 nettstedet bruker vi ogs\u00e5 informasjonskapsler med tanke p\u00e5 \u00e5 samle inn statistikk og unders\u00f8ke hvordan nettstedet brukes. Gjennom bruk av informasjonskapsler kan h\u00e5ndtering av personopplysninger i form av IP-adresse forekomme. Du kan lese mer om v\u00e5r bruk av informasjonskapsler i v\u00e5r <a href=\"https:\/\/web.archive.org\/web\/20230610145734\/https:\/\/www.agb-pharma.com\/no\/agb-pharma-ab\/cookiepolicy\/\">Policy om informasjonskapsler<\/a>.<\/p>\n<p>Hensikten med \u00e5 behandle personopplysninger er at vi skal kunne administrere og svare p\u00e5 sp\u00f8rsm\u00e5l som du sender til oss. Hvis du har fylt ut noen av v\u00e5re skjemaer p\u00e5 nettstedet og der for eksempel har bestilt informasjonsmateriale, trenger vi \u00e5 vite hvem vi skal sende informasjonen til for \u00e5 kunne fullf\u00f8re bestillingen. Hvis du s\u00f8ker p\u00e5 jobb hos oss, trenger vi \u00e5 ha tilgang til dine opplysninger for \u00e5 kunne vurdere deg som kandidat i rekrutteringsprosessen og for \u00e5 kunne kontakte deg. Vi trenger ogs\u00e5 \u00e5 kunne samle inn opplysninger om v\u00e5re nettstedsbes\u00f8kende for \u00e5 kunne evaluere og forbedre nettstedet for v\u00e5re bes\u00f8kende.<\/p>\n<p>Det rettslige grunnlaget for h\u00e5ndteringen er at vi skal kunne inng\u00e5 eller overholde en avtale. I enkelte tilfeller kan h\u00e5ndteringen v\u00e6re grunnet en interesseavveining der vi har en interesse av \u00e5 behandle personopplysninger for \u00e5 kunne oppn\u00e5 et m\u00e5l. Hvis du sender en jobbs\u00f8knad, men ikke f\u00e5r en stilling hos oss, vil du f\u00e5 mulighet til \u00e5 gi ditt samtykke til at vi lagrer din s\u00f8knad med tanke p\u00e5 kommende rekrutteringer. Ellers kommer vi til \u00e5 slette disse opplysningene. Du kan n\u00e5r som helst trekke tilbake ditt gitte samtykke.<\/p>\n<h4>Representant\/kontaktperson for noen av v\u00e5re kunder, leverand\u00f8rer eller samarbeidspartnere<\/h4>\n<p>Vi kan komme til \u00e5 behandle personopplysninger om deg som vi har f\u00e5tt fra en tredjepart hvis du er referanse eller kontaktperson hos noen av v\u00e5re kunder, leverand\u00f8rer eller hos noen av v\u00e5re andre samarbeidspartnere. Vi kan da komme til \u00e5 behandle dine personopplysninger hva gjelder navn, e-postadresse og telefonnummer.<\/p>\n<p>Hensikten med h\u00e5ndteringen er at vi skal kunne administrere og h\u00e5ndtere v\u00e5re forretningsavtaler.<\/p>\n<p>Det rettslige grunnlaget for h\u00e5ndteringen er at vi skal kunne overholde v\u00e5re forpliktelser i henhold til de forretningsavtalene vi har inng\u00e5tt. N\u00e5r vi behandler opplysninger om deg som kontaktperson, gj\u00f8r vi det grunnet v\u00e5r interesse av \u00e5 kunne administrere forretningsavtaler. I enkelte tilfeller er det rettslige grunnlaget overholdelsen av en lovbestemt forpliktelse, for eksempel den lovbestemte forpliktelsen om \u00e5 arkivere fakturaer.<\/p>\n<h4>Helse- og omsorgspersonell<\/h4>\n<p>Hvis du arbeider innen helse- og omsorgstjenesten, kan vi komme til \u00e5 behandle dine personopplysninger hva gjelder navn, e-postadresse, telefonnummer, hvor du arbeider og hva som er din yrkesrolle\/-tittel. Enkelte opplysninger kan vi komme til \u00e5 innhente fra en tredjepart.<\/p>\n<p>Hensikten med h\u00e5ndteringen er at vi skal kunne overholde avtaler som vi inng\u00e5r, for eksempel i forbindelse med intervjuer av helse- og omsorgspersonell. Hensikten kan ogs\u00e5 v\u00e6re at vi vil sende informasjon til deg, eller invitere deg til forelesninger og arrangement som vi tror kan v\u00e6re av interesse for deg eller den organisasjonen du representerer. I enkelte tilfeller er vi ogs\u00e5 tvunget til \u00e5 behandle dine personopplysninger for \u00e5 kunne overholde lovbestemte forpliktelser eller det etiske regelverket som gjelder for legemiddelselskap (f.eks. ved rapportering av erstatninger).<\/p>\n<p>Det rettslige grunnlaget for \u00e5 behandle personopplysninger er overholdelsen av avtaler. I enkelte tilfeller er det rettslige grunnlaget en interesseavveining, for eksempel n\u00e5r vi sender ut invitasjoner til deg (du har alltid mulighet til \u00e5 kontakte oss hvis du ikke lenger \u00f8nsker \u00e5 motta denne typen informasjon). I enkelte tilfeller er det rettslige grunnlaget overholdelsen av en lovbestemt forpliktelse.<\/p>\n<h3>Hvor lenge lagrer vi opplysninger om deg?<\/h3>\n<p>Vi lagrer dine personopplysninger s\u00e5 lenge som det er n\u00f8dvendig for \u00e5 kunne oppn\u00e5 hensikten med h\u00e5ndteringen i henhold til denne Personvernpolicyen.<\/p>\n<p>Personopplysninger anonymiseres eller slettes p\u00e5 forsvarlig vis n\u00e5r personopplysningene ikke lenger er n\u00f8dvendige for \u00e5 oppn\u00e5 hensikten med h\u00e5ndteringen, n\u00e5r hensikten med innsamling og h\u00e5ndtering av personopplysninger er oppn\u00e5dd, eller om du trekker tilbake ditt samtykke eller i aktuelle tilfeller motsetter deg h\u00e5ndteringen av personopplysninger gjennom \u00e5 kontakte oss.<\/p>\n<h3>Personopplysningsansvarlig<\/h3>\n<p>AGB-Pharma AB, org.nr. 556859-207, med adresse Scheeletorget 1, 223 81 Lund, Sverige, er ansvarlig for behandlingen av personopplysningene som beskrives i denne Personvernpolicyen. Det inneb\u00e6rer at det er til oss du skal henvende deg med eventuelle sp\u00f8rsm\u00e5l eller synspunkter, eller hvis du \u00f8nsker \u00e5 benytte deg av noen av de rettighetene du har med tanke p\u00e5 v\u00e5r h\u00e5ndtering av dine personopplysninger.<\/p>\n<h3>Hvem deler vi dine personopplysninger med?<\/h3>\n<p>Vi kommer kun til \u00e5 dele dine personopplysninger med leverand\u00f8rer og samarbeidspartnere som utf\u00f8rer tjenester p\u00e5 oppdrag for oss. Det kan for eksempel v\u00e6re en av v\u00e5re underleverand\u00f8rer av IT-tjenester, et rekrutteringsselskap som vi benytter eller leverand\u00f8rer av tjenester som gjelder legemiddeloverv\u00e5king. Disse underleverand\u00f8rene og samarbeidspartnerne f\u00e5r kun behandle dine personopplysninger i henhold til v\u00e5re instrukser. Dine personopplysninger kommer ikke til \u00e5 bli behandlet p\u00e5 noe annet vis hvis du ikke har gitt ditt samtykke, eller det er lovp\u00e5lagt.<\/p>\n<p>Med mindre annet er angitt spesielt i informasjonen om v\u00e5r h\u00e5ndtering av dine personopplysninger, s\u00e5 kommer AGB-Pharma ikke til \u00e5 overf\u00f8re dine personopplysninger til et land utenfor EU\/E\u00d8S. I de tilfeller der slik informasjon er angitt og det forekommer en overf\u00f8ring, s\u00e5 kommer AGB-Pharma AB alltid til \u00e5 s\u00f8rge for tilstrekkelige sikkerhetsforanstaltninger med den hensikt \u00e5 beskytte dine personopplysninger og s\u00f8rge for at de h\u00e5ndteres i henhold til denne Personvernpolicyen og gjeldende databeskyttelseslover.<\/p>\n<h3>Dine rettigheter<\/h3>\n<p>Du har alltid rett til \u00e5 henvende deg til oss som personopplysningsansvarlig og begj\u00e6re om \u00e5 f\u00e5 tilgang til de personopplysningene vi behandler.<\/p>\n<p>Du har rett til \u00e5 f\u00e5 korrigert feilaktige personopplysninger som gjelder deg og i visse tilfeller f\u00e5 dem begrenset, slettet eller overf\u00f8rt av oss.<\/p>\n<p>Du har til og med rett til n\u00e5r som helst \u00e5 motsette deg at vi behandler dine personopplysninger, hvis det juridiske grunnlaget for h\u00e5ndteringen er en interesseavveining. Du har ogs\u00e5 rett til n\u00e5r som helst \u00e5 trekke tilbake et gitt samtykke, dersom v\u00e5r behandling av personopplysninger er basert p\u00e5 dette.<\/p>\n<p>Hvis du har noen sp\u00f8rsm\u00e5l eller synspunkter ang\u00e5ende v\u00e5r behandling av dine personopplysninger, er du velkommen til \u00e5 kontakte oss p\u00e5: <a href=\"mailto:privacy@agb-pharma.com\">privacy@agb-pharma.com<\/a>.<\/p>\n<p>Du har ogs\u00e5 rett til \u00e5 sende en klage til Datatilsynet.<\/p>\n<h3>Tillegg og endringer<\/h3>\n<p>AGB-Pharma kan komme til \u00e5 lage tillegg eller gj\u00f8re endringer i denne Personvernpolicyen. Den oppdaterte Personvernpolicyen kommer til \u00e5 bli publisert p\u00e5 denne siden.<\/p>\n<h3>Informasjonskapsler<\/h3>\n<p>V\u00e5rt nettsted bruker informasjonskapsler. Du kan lese mer om informasjonskapsler, hvordan vi bruker dem og hvordan du administrerer dem i v\u00e5r <a href=\"\/no\/cookiepolicy\/\">Policy om informasjonskapsler<\/a>.<\/p>\n\t\t\t\t<img loading=\"lazy\" decoding=\"async\" src=\"https:\/\/www.agb-pharma.com\/no\/wp-content\/uploads\/sites\/2\/2024\/02\/border2-scaled.jpg\" alt=\"border2\" itemprop=\"image\" height=\"72\" width=\"2560\" title=\"border2\" onerror=\"this.style.display='none'\">\n\t<p><a href=\"\/no\/personvernpolicy\">Personvernpolicy<\/a>&nbsp; |&nbsp; <a href=\"\/no\/transparency\/\">Transparency<\/a>&nbsp; |&nbsp; <a href=\"\/no\/cookiepolicy\/\">Cookiepolicy<\/a>&nbsp; |&nbsp; <a href=\"\/no\/kontakt\">Kontakt<\/a><\/p>\n\tNO-MEL-AGB-0044 01\/2024<br>\n\u00a9 2024 AGB-Pharma AB. Sist anmeldt 03\/2024\n","protected":false},"excerpt":{"rendered":"<p>NORWAY SWEDENSWEDEN &#8211; ENGUKDENMARKGERMANY Personvern\u00adpolicy Generelt Hensikten med denne Personvernpolicyen er \u00e5 beskrive hvordan AGB-Pharma AB (\u00abAGB-Pharma\u00bb, \u00abvi\u00bb eller \u00aboss\u00bb) behandler dine personopplysninger. AGB-Pharma beskytter din integritet, og all v\u00e5r h\u00e5ndtering av personopplysninger skjer i henhold til gjeldende europeiske og nasjonale databeskyttelseslover. Denne Personvernpolicyen retter seg mot deg som bruker v\u00e5rt nettsted, representerer en kunde&hellip;<\/p>\n","protected":false},"author":1,"featured_media":0,"parent":0,"menu_order":0,"comment_status":"closed","ping_status":"closed","template":"","meta":{"footnotes":""},"class_list":["post-543","page","type-page","status-publish","hentry"],"yoast_head":"<!-- This site is optimized with the Yoast SEO plugin v24.9 - https:\/\/yoast.com\/wordpress\/plugins\/seo\/ -->\n<title>AGB-Pharma | Bedre s\u00f8vnhelse for alle | Personvernpolicy<\/title>\n<meta name=\"description\" content=\"Denne personvernerkl\u00e6ringen beskriver hvordan AGB-Pharma behandler dine personopplysninger i samsvar med gjeldende databeskyttelseslover.\" \/>\n<meta name=\"robots\" content=\"index, follow, max-snippet:-1, max-image-preview:large, max-video-preview:-1\" \/>\n<link rel=\"canonical\" href=\"https:\/\/www.agb-pharma.com\/no\/personvernpolicy\/\" \/>\n<meta property=\"og:locale\" content=\"nb_NO\" \/>\n<meta property=\"og:type\" content=\"article\" \/>\n<meta property=\"og:title\" content=\"AGB-Pharma | Bedre s\u00f8vnhelse for alle | Personvernpolicy\" \/>\n<meta property=\"og:description\" content=\"Denne personvernerkl\u00e6ringen beskriver hvordan AGB-Pharma behandler dine personopplysninger i samsvar med gjeldende databeskyttelseslover.\" \/>\n<meta property=\"og:url\" content=\"https:\/\/www.agb-pharma.com\/no\/personvernpolicy\/\" \/>\n<meta property=\"og:site_name\" content=\"AGB Pharma (NO)\" \/>\n<meta property=\"article:modified_time\" content=\"2024-11-15T14:12:18+00:00\" \/>\n<meta property=\"og:image\" content=\"https:\/\/www.agb-pharma.com\/no\/wp-content\/uploads\/sites\/2\/2023\/12\/agb_logo_green.png\" \/>\n<meta name=\"twitter:card\" content=\"summary_large_image\" \/>\n<meta name=\"twitter:label1\" content=\"Ansl. lesetid\" \/>\n\t<meta name=\"twitter:data1\" content=\"8 minutter\" \/>\n<script type=\"application\/ld+json\" class=\"yoast-schema-graph\">{\"@context\":\"https:\/\/schema.org\",\"@graph\":[{\"@type\":\"WebPage\",\"@id\":\"https:\/\/www.agb-pharma.com\/no\/personvernpolicy\/\",\"url\":\"https:\/\/www.agb-pharma.com\/no\/personvernpolicy\/\",\"name\":\"AGB-Pharma | Bedre s\u00f8vnhelse for alle | Personvernpolicy\",\"isPartOf\":{\"@id\":\"https:\/\/www.agb-pharma.com\/no\/#website\"},\"primaryImageOfPage\":{\"@id\":\"https:\/\/www.agb-pharma.com\/no\/personvernpolicy\/#primaryimage\"},\"image\":{\"@id\":\"https:\/\/www.agb-pharma.com\/no\/personvernpolicy\/#primaryimage\"},\"thumbnailUrl\":\"https:\/\/www.agb-pharma.com\/no\/wp-content\/uploads\/sites\/2\/2023\/12\/agb_logo_green.png\",\"datePublished\":\"2024-01-12T09:35:37+00:00\",\"dateModified\":\"2024-11-15T14:12:18+00:00\",\"description\":\"Denne personvernerkl\u00e6ringen beskriver hvordan AGB-Pharma behandler dine personopplysninger i samsvar med gjeldende databeskyttelseslover.\",\"breadcrumb\":{\"@id\":\"https:\/\/www.agb-pharma.com\/no\/personvernpolicy\/#breadcrumb\"},\"inLanguage\":\"nb-NO\",\"potentialAction\":[{\"@type\":\"ReadAction\",\"target\":[\"https:\/\/www.agb-pharma.com\/no\/personvernpolicy\/\"]}]},{\"@type\":\"ImageObject\",\"inLanguage\":\"nb-NO\",\"@id\":\"https:\/\/www.agb-pharma.com\/no\/personvernpolicy\/#primaryimage\",\"url\":\"https:\/\/www.agb-pharma.com\/no\/wp-content\/uploads\/sites\/2\/2023\/12\/agb_logo_green.png\",\"contentUrl\":\"https:\/\/www.agb-pharma.com\/no\/wp-content\/uploads\/sites\/2\/2023\/12\/agb_logo_green.png\",\"width\":655,\"height\":992},{\"@type\":\"BreadcrumbList\",\"@id\":\"https:\/\/www.agb-pharma.com\/no\/personvernpolicy\/#breadcrumb\",\"itemListElement\":[{\"@type\":\"ListItem\",\"position\":1,\"name\":\"Hem\",\"item\":\"https:\/\/www.agb-pharma.com\/no\/\"},{\"@type\":\"ListItem\",\"position\":2,\"name\":\"Personvernpolicy\"}]},{\"@type\":\"WebSite\",\"@id\":\"https:\/\/www.agb-pharma.com\/no\/#website\",\"url\":\"https:\/\/www.agb-pharma.com\/no\/\",\"name\":\"AGB Pharma (NO)\",\"description\":\"\",\"publisher\":{\"@id\":\"https:\/\/www.agb-pharma.com\/no\/#organization\"},\"potentialAction\":[{\"@type\":\"SearchAction\",\"target\":{\"@type\":\"EntryPoint\",\"urlTemplate\":\"https:\/\/www.agb-pharma.com\/no\/?s={search_term_string}\"},\"query-input\":{\"@type\":\"PropertyValueSpecification\",\"valueRequired\":true,\"valueName\":\"search_term_string\"}}],\"inLanguage\":\"nb-NO\"},{\"@type\":\"Organization\",\"@id\":\"https:\/\/www.agb-pharma.com\/no\/#organization\",\"name\":\"AGB Pharma (NO)\",\"url\":\"https:\/\/www.agb-pharma.com\/no\/\",\"logo\":{\"@type\":\"ImageObject\",\"inLanguage\":\"nb-NO\",\"@id\":\"https:\/\/www.agb-pharma.com\/no\/#\/schema\/logo\/image\/\",\"url\":\"https:\/\/www.agb-pharma.com\/no\/wp-content\/uploads\/sites\/2\/2024\/01\/AGB_logo_blavit.png\",\"contentUrl\":\"https:\/\/www.agb-pharma.com\/no\/wp-content\/uploads\/sites\/2\/2024\/01\/AGB_logo_blavit.png\",\"width\":655,\"height\":993,\"caption\":\"AGB Pharma (NO)\"},\"image\":{\"@id\":\"https:\/\/www.agb-pharma.com\/no\/#\/schema\/logo\/image\/\"}}]}<\/script>\n<!-- \/ Yoast SEO plugin. -->","yoast_head_json":{"title":"AGB-Pharma | Bedre s\u00f8vnhelse for alle | Personvernpolicy","description":"Denne personvernerkl\u00e6ringen beskriver hvordan AGB-Pharma behandler dine personopplysninger i samsvar med gjeldende databeskyttelseslover.","robots":{"index":"index","follow":"follow","max-snippet":"max-snippet:-1","max-image-preview":"max-image-preview:large","max-video-preview":"max-video-preview:-1"},"canonical":"https:\/\/www.agb-pharma.com\/no\/personvernpolicy\/","og_locale":"nb_NO","og_type":"article","og_title":"AGB-Pharma | Bedre s\u00f8vnhelse for alle | Personvernpolicy","og_description":"Denne personvernerkl\u00e6ringen beskriver hvordan AGB-Pharma behandler dine personopplysninger i samsvar med gjeldende databeskyttelseslover.","og_url":"https:\/\/www.agb-pharma.com\/no\/personvernpolicy\/","og_site_name":"AGB Pharma (NO)","article_modified_time":"2024-11-15T14:12:18+00:00","og_image":[{"url":"https:\/\/www.agb-pharma.com\/no\/wp-content\/uploads\/sites\/2\/2023\/12\/agb_logo_green.png","type":"","width":"","height":""}],"twitter_card":"summary_large_image","twitter_misc":{"Ansl. lesetid":"8 minutter"},"schema":{"@context":"https:\/\/schema.org","@graph":[{"@type":"WebPage","@id":"https:\/\/www.agb-pharma.com\/no\/personvernpolicy\/","url":"https:\/\/www.agb-pharma.com\/no\/personvernpolicy\/","name":"AGB-Pharma | Bedre s\u00f8vnhelse for alle | Personvernpolicy","isPartOf":{"@id":"https:\/\/www.agb-pharma.com\/no\/#website"},"primaryImageOfPage":{"@id":"https:\/\/www.agb-pharma.com\/no\/personvernpolicy\/#primaryimage"},"image":{"@id":"https:\/\/www.agb-pharma.com\/no\/personvernpolicy\/#primaryimage"},"thumbnailUrl":"https:\/\/www.agb-pharma.com\/no\/wp-content\/uploads\/sites\/2\/2023\/12\/agb_logo_green.png","datePublished":"2024-01-12T09:35:37+00:00","dateModified":"2024-11-15T14:12:18+00:00","description":"Denne personvernerkl\u00e6ringen beskriver hvordan AGB-Pharma behandler dine personopplysninger i samsvar med gjeldende databeskyttelseslover.","breadcrumb":{"@id":"https:\/\/www.agb-pharma.com\/no\/personvernpolicy\/#breadcrumb"},"inLanguage":"nb-NO","potentialAction":[{"@type":"ReadAction","target":["https:\/\/www.agb-pharma.com\/no\/personvernpolicy\/"]}]},{"@type":"ImageObject","inLanguage":"nb-NO","@id":"https:\/\/www.agb-pharma.com\/no\/personvernpolicy\/#primaryimage","url":"https:\/\/www.agb-pharma.com\/no\/wp-content\/uploads\/sites\/2\/2023\/12\/agb_logo_green.png","contentUrl":"https:\/\/www.agb-pharma.com\/no\/wp-content\/uploads\/sites\/2\/2023\/12\/agb_logo_green.png","width":655,"height":992},{"@type":"BreadcrumbList","@id":"https:\/\/www.agb-pharma.com\/no\/personvernpolicy\/#breadcrumb","itemListElement":[{"@type":"ListItem","position":1,"name":"Hem","item":"https:\/\/www.agb-pharma.com\/no\/"},{"@type":"ListItem","position":2,"name":"Personvernpolicy"}]},{"@type":"WebSite","@id":"https:\/\/www.agb-pharma.com\/no\/#website","url":"https:\/\/www.agb-pharma.com\/no\/","name":"AGB Pharma (NO)","description":"","publisher":{"@id":"https:\/\/www.agb-pharma.com\/no\/#organization"},"potentialAction":[{"@type":"SearchAction","target":{"@type":"EntryPoint","urlTemplate":"https:\/\/www.agb-pharma.com\/no\/?s={search_term_string}"},"query-input":{"@type":"PropertyValueSpecification","valueRequired":true,"valueName":"search_term_string"}}],"inLanguage":"nb-NO"},{"@type":"Organization","@id":"https:\/\/www.agb-pharma.com\/no\/#organization","name":"AGB Pharma (NO)","url":"https:\/\/www.agb-pharma.com\/no\/","logo":{"@type":"ImageObject","inLanguage":"nb-NO","@id":"https:\/\/www.agb-pharma.com\/no\/#\/schema\/logo\/image\/","url":"https:\/\/www.agb-pharma.com\/no\/wp-content\/uploads\/sites\/2\/2024\/01\/AGB_logo_blavit.png","contentUrl":"https:\/\/www.agb-pharma.com\/no\/wp-content\/uploads\/sites\/2\/2024\/01\/AGB_logo_blavit.png","width":655,"height":993,"caption":"AGB Pharma (NO)"},"image":{"@id":"https:\/\/www.agb-pharma.com\/no\/#\/schema\/logo\/image\/"}}]}},"_links":{"self":[{"href":"https:\/\/www.agb-pharma.com\/no\/wp-json\/wp\/v2\/pages\/543","targetHints":{"allow":["GET"]}}],"collection":[{"href":"https:\/\/www.agb-pharma.com\/no\/wp-json\/wp\/v2\/pages"}],"about":[{"href":"https:\/\/www.agb-pharma.com\/no\/wp-json\/wp\/v2\/types\/page"}],"author":[{"embeddable":true,"href":"https:\/\/www.agb-pharma.com\/no\/wp-json\/wp\/v2\/users\/1"}],"replies":[{"embeddable":true,"href":"https:\/\/www.agb-pharma.com\/no\/wp-json\/wp\/v2\/comments?post=543"}],"version-history":[{"count":0,"href":"https:\/\/www.agb-pharma.com\/no\/wp-json\/wp\/v2\/pages\/543\/revisions"}],"wp:attachment":[{"href":"https:\/\/www.agb-pharma.com\/no\/wp-json\/wp\/v2\/media?parent=543"}],"curies":[{"name":"wp","href":"https:\/\/api.w.org\/{rel}","templated":true}]}}